{"id":17633,"date":"2021-05-01T10:21:12","date_gmt":"2021-05-01T08:21:12","guid":{"rendered":"https:\/\/www.unexus.nl\/demo\/"},"modified":"2024-10-22T10:48:46","modified_gmt":"2024-10-22T08:48:46","slug":"book-en-demo","status":"publish","type":"page","link":"https:\/\/www.unexus.nl\/da\/book-en-demo\/","title":{"rendered":"Book en demo"},"content":{"rendered":"\n<h2>\n\t\tEffektiv, kundevenlig og personlig\n\t<\/h2>\n\t<p>Vi tilbyder et komplet multimedie callcenter der sikrer dig tilg\u00e6ngelighed p\u00e5 tv\u00e6rs af medier. I en personlig demo viser vi hvordan Unexus Connect platformen g\u00f8r kundekontakten behagelig og intuitiv.<\/p>\n<p><strong>Hvad du kan forvente af denne demo:<\/strong><\/p>\n<ul>\n<li>Oplev vores kommunikationsplatform Unexus Connect, inklusive de forskellige applikationer<\/li>\n<li>Se mulighederne for at arbejde med Microsoft Teams i kundekontakt<\/li>\n<li>M\u00f8d vores account managers, som vil give dig omfattende r\u00e5dgivning om IT-sp\u00f8rgsm\u00e5l<\/li>\n<li>L\u00e6r mere om de forskellige innovative muligheder, vi tilbyder for kundeapps, kundetilfredshedsunders\u00f8gelser, overv\u00e5gning, virtuel assistance og business intelligence<\/li>\n<li>Uforpligtende r\u00e5dgivning om, hvordan du opn\u00e5r mere flow og brugervenlighed i kundekontakten<\/li>\n<\/ul>\n<h2>\n\t\tBook en demo\n\t<\/h2>\n\t<strong>Oplev fordelene selv<\/strong><br \/>\nIndtast dine oplysninger nedenfor. Vi kontakter dig inden for 1 hverdag for at planl\u00e6gge demoen. En demo kan laves online eller p\u00e5 stedet. Denne konsultation tager cirka 60 minutter.\n\t<div class=\"frm_forms  with_frm_style frm_style_formidable-style-2\" id=\"frm_form_20_container\" >\n<form enctype=\"multipart\/form-data\" method=\"post\" class=\"frm-show-form  frm_pro_form \" id=\"form_demo-aanvraag-dk\" >\n<div class=\"frm_form_fields \">\n<fieldset>\n<legend class=\"frm_hidden\">Demo aanvraag (DK)<\/legend>\r\n\r\n<div class=\"frm_fields_container\">\n<input type=\"hidden\" name=\"frm_action\" value=\"create\" \/>\n<input type=\"hidden\" name=\"form_id\" value=\"20\" \/>\n<input type=\"hidden\" name=\"frm_hide_fields_20\" id=\"frm_hide_fields_20\" value=\"\" \/>\n<input type=\"hidden\" name=\"form_key\" value=\"demo-aanvraag-dk\" \/>\n<input type=\"hidden\" name=\"item_meta[0]\" value=\"\" \/>\n<input type=\"hidden\" id=\"frm_submit_entry_20\" name=\"frm_submit_entry_20\" value=\"95b3ced7fe\" \/><input type=\"hidden\" name=\"_wp_http_referer\" value=\"\/da\/wp-json\/wp\/v2\/pages\/17633\" \/><div id=\"frm_field_169_container\" class=\"frm_form_field form-field  frm_required_field frm_top_container frm_first frm_half\">\r\n    <label for=\"field_qh4icy29bce1b777e0ccde46ac2\" class=\"frm_primary_label\">Fornavn\r\n        <span class=\"frm_required\">*<\/span>\r\n    <\/label>\r\n    <input  type=\"text\" id=\"field_qh4icy29bce1b777e0ccde46ac2\" name=\"item_meta[169]\" value=\"\"  data-reqmsg=\"Dette er et obligatorisk felt.\" aria-required=\"true\" data-invmsg=\"Voornaam is ongeldig\" aria-invalid=\"false\"   \/>\r\n    \r\n    \r\n<\/div>\n<div id=\"frm_field_170_container\" class=\"frm_form_field form-field  frm_required_field frm_top_container frm_half\">\r\n    <label for=\"field_ocfup1b52d032d5f2\" class=\"frm_primary_label\">Efternavn\r\n        <span class=\"frm_required\">*<\/span>\r\n    <\/label>\r\n    <input  type=\"text\" id=\"field_ocfup1b52d032d5f2\" name=\"item_meta[170]\" value=\"\"  data-reqmsg=\"Dette er et obligatorisk felt.\" aria-required=\"true\" data-invmsg=\"Achternaam is ongeldig\" aria-invalid=\"false\"   \/>\r\n    \r\n    \r\n<\/div>\n<div id=\"frm_field_171_container\" class=\"frm_form_field form-field  frm_required_field frm_top_container frm_first frm_half\">\r\n    <label for=\"field_29yf4d38a06350042d747e7ccf2\" class=\"frm_primary_label\">E-mailadresse\r\n        <span class=\"frm_required\">*<\/span>\r\n    <\/label>\r\n    <input type=\"email\" id=\"field_29yf4d38a06350042d747e7ccf2\" name=\"item_meta[171]\" value=\"\"  data-reqmsg=\"Dette er et obligatorisk felt.\" aria-required=\"true\" data-invmsg=\"Indtast en gyldig e-mailadresse.\" aria-invalid=\"false\"  \/>\r\n    \r\n    \r\n<\/div>\n<div id=\"frm_field_172_container\" class=\"frm_form_field form-field  frm_top_container frm_half\">\r\n    <label for=\"field_abilvb3fe08799972ff279b392\" id=\"field_abilvb3fe08799972ff279b392_label\" class=\"frm_primary_label\">Telefonnummer\r\n        <span class=\"frm_required\"><\/span>\r\n    <\/label>\r\n    <input  type=\"text\" id=\"field_abilvb3fe08799972ff279b392\" name=\"item_meta[172]\" value=\"\"  data-invmsg=\"Telefonnummeret er ugyldigt.\" aria-invalid=\"false\"   \/>\r\n    \r\n    \r\n<\/div>\n<div id=\"frm_field_173_container\" class=\"frm_form_field form-field  frm_required_field frm_top_container frm_full\">\r\n    <label for=\"field_itt5me87d09f3e63\" class=\"frm_primary_label\">Firma\r\n        <span class=\"frm_required\">*<\/span>\r\n    <\/label>\r\n    <input  type=\"text\" id=\"field_itt5me87d09f3e63\" name=\"item_meta[173]\" value=\"\"  data-reqmsg=\"Dette er et obligatorisk felt.\" aria-required=\"true\" data-invmsg=\"Bedrijfsnaam is ongeldig\" aria-invalid=\"false\"   \/>\r\n    \r\n    \r\n<\/div>\n<div id=\"frm_field_174_container\" class=\"frm_form_field form-field  frm_top_container frm_full\">\r\n    <label for=\"field_9jv0r12db91e967134272712a52\" class=\"frm_primary_label\">Hvad skal vi tale om?\r\n        <span class=\"frm_required\"><\/span>\r\n    <\/label>\r\n    <textarea name=\"item_meta[174]\" id=\"field_9jv0r12db91e967134272712a52\" rows=\"5\"  data-invmsg=\"Hvad skal vi tale om? er ugyldig\" aria-invalid=\"false\"  ><\/textarea>\r\n    \r\n    \r\n<\/div>\n<div id=\"frm_field_175_container\" class=\"frm_form_field form-field \">\r\n\t<div class=\"frm_submit\">\r\n\r\n<input type=\"submit\" value=\"Book en demo\"  class=\"frm_final_submit\" formnovalidate=\"formnovalidate\" \/>\r\n<img decoding=\"async\" class=\"frm_ajax_loading\" src=\"https:\/\/www.unexus.nl\/wp-content\/plugins\/formidable\/images\/ajax_loader.gif\" alt=\"Sending\"\/>\r\n\r\n<\/div>\r\n<\/div>\n\t<input type=\"hidden\" name=\"item_key\" value=\"\" \/>\n\t\t\t<div id=\"frm_field_227_container\">\n\t\t\t<label for=\"field_9szwp\" >\n\t\t\t\tHvis du er et menneske, skal du lade dette felt v\u00e6re tomt.\t\t\t<\/label>\n\t\t\t<input  id=\"field_9szwp\" type=\"text\" class=\"frm_form_field form-field frm_verify\" name=\"item_meta[227]\" value=\"\"  \/>\n\t\t<\/div>\n\t\t<input name=\"frm_state\" type=\"hidden\" value=\"X70nSpGqdrpXmRC5ibegXoUnkPvBvbG\/mozHnXoK8C4ulC3CddNlCxG9zc+6o33S\" \/><\/div>\n<\/fieldset>\n<\/div>\n\n<p style=\"display: none !important;\" class=\"akismet-fields-container\" data-prefix=\"ak_\"><label>&#916;<textarea name=\"ak_hp_textarea\" cols=\"45\" rows=\"8\" maxlength=\"100\"><\/textarea><\/label><input type=\"hidden\" id=\"ak_js_1\" name=\"ak_js\" value=\"78\"\/><script>\ndocument.getElementById( \"ak_js_1\" ).setAttribute( \"value\", ( new Date() ).getTime() );\n<\/script>\n<\/p><\/form>\n<\/div>\n\n\t\t\t\t<img loading=\"lazy\" decoding=\"async\" src=\"https:\/\/www.unexus.nl\/wp-content\/uploads\/2022\/10\/Unexus-software.png\" alt=\"Unexus-software\" itemprop=\"image\" height=\"1365\" width=\"2048\" title=\"Unexus-software\" onerror=\"this.style.display='none'\"  \/>\n\n","protected":false},"excerpt":{"rendered":"<p>Effektiv, kundevenlig og personlig Vi tilbyder et komplet multimedie callcenter der sikrer dig tilg\u00e6ngelighed p\u00e5 tv\u00e6rs af medier. I en personlig demo viser vi hvordan Unexus Connect platformen g\u00f8r kundekontakten behagelig og intuitiv. Hvad du kan forvente af denne demo: Oplev vores kommunikationsplatform Unexus Connect, inklusive de forskellige applikationer Se mulighederne for at arbejde med&hellip;<\/p>\n","protected":false},"author":7,"featured_media":19009,"parent":0,"menu_order":0,"comment_status":"closed","ping_status":"closed","template":"","meta":{"_acf_changed":false,"_seopress_robots_primary_cat":"","_seopress_titles_title":"Book en demo - Unexus","_seopress_titles_desc":"Indtast dine oplysninger nedenfor. Vi kontakter dig inden for 1 hverdag for at planl\u00e6gge demoen. En demo kan laves online eller p\u00e5 stedet. Denne konsultation tager cirka 60 minutter.","_seopress_robots_index":"yes","footnotes":""},"class_list":["post-17633","page","type-page","status-publish","has-post-thumbnail","hentry"],"acf":[],"_links":{"self":[{"href":"https:\/\/www.unexus.nl\/da\/wp-json\/wp\/v2\/pages\/17633","targetHints":{"allow":["GET"]}}],"collection":[{"href":"https:\/\/www.unexus.nl\/da\/wp-json\/wp\/v2\/pages"}],"about":[{"href":"https:\/\/www.unexus.nl\/da\/wp-json\/wp\/v2\/types\/page"}],"author":[{"embeddable":true,"href":"https:\/\/www.unexus.nl\/da\/wp-json\/wp\/v2\/users\/7"}],"replies":[{"embeddable":true,"href":"https:\/\/www.unexus.nl\/da\/wp-json\/wp\/v2\/comments?post=17633"}],"version-history":[{"count":5,"href":"https:\/\/www.unexus.nl\/da\/wp-json\/wp\/v2\/pages\/17633\/revisions"}],"predecessor-version":[{"id":17713,"href":"https:\/\/www.unexus.nl\/da\/wp-json\/wp\/v2\/pages\/17633\/revisions\/17713"}],"wp:featuredmedia":[{"embeddable":true,"href":"https:\/\/www.unexus.nl\/da\/wp-json\/wp\/v2\/media\/19009"}],"wp:attachment":[{"href":"https:\/\/www.unexus.nl\/da\/wp-json\/wp\/v2\/media?parent=17633"}],"curies":[{"name":"wp","href":"https:\/\/api.w.org\/{rel}","templated":true}]}}