{"id":17543,"date":"2022-12-13T10:57:55","date_gmt":"2022-12-13T09:57:55","guid":{"rendered":"https:\/\/www.unexus.nl\/loesninger\/telefonie-van-de-toekomst\/"},"modified":"2024-10-08T15:42:30","modified_gmt":"2024-10-08T13:42:30","slug":"fremtidens-telefoni","status":"publish","type":"page","link":"https:\/\/www.unexus.nl\/da\/loesninger\/fremtidens-telefoni\/","title":{"rendered":"Fremtidens telefoni"},"content":{"rendered":"\n\n\t\t\t\t\t\t\t\t\t<img decoding=\"async\" src=\"https:\/\/www.unexus.nl\/wp-content\/uploads\/2022\/11\/1_1@1x-1.png\" alt=\"Telefonie-Unexus-Connect\" itemprop=\"image\" height=\"782\" width=\"782\" title=\"Telefonie-Unexus-Connect\" onerror=\"this.style.display='none'\"  \/>\n<h2>\n\t\tTelefoni, som du vil\n\t<\/h2>\n\t<p>En organisation skal v\u00e6re let tilg\u00e6ngelig. Grundlaget for dette er fremragende telefoni. Fast telefoni, telefoni via VoIP og fast-mobil integration. Men i dag er tilg\u00e6ngeligheden ikke begr\u00e6nset til fastnet- og fastnettelefonerne p\u00e5 kontoret. Hvis medarbejderne arbejder hjemmefra, skal tilg\u00e6ngeligheden ogs\u00e5 indrettes fejlfrit. For eksempel via Microsoft Teams.<\/p>\n<h2>\n\t\tKlassisk telefoni\n\t<\/h2>\n\t<p>En dag p\u00e5 farten eller arbejde ved k\u00f8kkenbordet burde ikke v\u00e6re et problem for organisationens tilg\u00e6ngelighed. Du vil have mere end bare fastnettilg\u00e6ngelighed. Takket v\u00e6re forskellige l\u00f8sninger (s\u00e5som fast-mobil, VoIP) er meget muligt for front- og backoffice, arbejde hjemmefra og tilg\u00e6ngelighedsstyring.<\/p>\n\t\t\t\t\t\t\t\t\t<img decoding=\"async\" src=\"https:\/\/www.unexus.nl\/wp-content\/uploads\/2021\/10\/IMG_0077.jpg\" alt=\"consultants-unexus-implementatie\" itemprop=\"image\" height=\"1365\" width=\"2048\" srcset=\"https:\/\/www.unexus.nl\/wp-content\/uploads\/2021\/10\/IMG_0077.jpg 2048w, https:\/\/www.unexus.nl\/wp-content\/uploads\/2021\/10\/IMG_0077-300x200.jpg 300w, https:\/\/www.unexus.nl\/wp-content\/uploads\/2021\/10\/IMG_0077-1024x683.jpg 1024w, https:\/\/www.unexus.nl\/wp-content\/uploads\/2021\/10\/IMG_0077-768x512.jpg 768w, https:\/\/www.unexus.nl\/wp-content\/uploads\/2021\/10\/IMG_0077-1536x1024.jpg 1536w\" sizes=\"(max-width: 2048px) 100vw, 2048px\" title=\"consultants-unexus-implementatie\" onerror=\"this.style.display='none'\"  \/>\n\t\t\t\t\t\t\t\t\t<img decoding=\"async\" src=\"https:\/\/www.unexus.nl\/wp-content\/uploads\/2022\/11\/5_2@1x-1.png\" alt=\"Unexus-Teams-Calling\" itemprop=\"image\" height=\"782\" width=\"782\" title=\"Unexus-Teams-Calling\" onerror=\"this.style.display='none'\"  \/>\n<h2>\n\t\tRing med Teams Calling\n\t<\/h2>\n\t<p>Microsoft Teams er kommet for at blive. Derfor kan Unexus integreres med Microsoft Teams. Integration med Microsoft Teams sikrer, at din organisation er endnu mere tilg\u00e6ngelig, samtidig med at du kan arbejde uanset placering. Ideel til kontaktcentre og backoffice. Unexus tilbyder fuld integration med Microsoft Teams, s\u00e5 arbejdet med Unexus-platformen er intuitivt og fleksibelt. Vil du arbejde med Teams-opkald? S\u00e5 kan vi ops\u00e6tte <a href=\"https:\/\/www.unexus.nl\/da\/unexus-connect-for-teams\/\">Unexus Connect for Teams<\/a> for dig.<\/p>\n<h2>\n\t\tManage je bereikbaarheid\n\t<\/h2>\n\t<p>Je kunt met Unexus altijd en overal bereikbaar zijn &#8211; als je dat zou willen. De praktijk is natuurlijk dat er momenten zijn in de week dat je niet beschikbaar bent. Het is dan wel fijn dat de collega&#8217;s van het KCC weten wie er wel en niet bereikbaar zijn en wie er juist wel beschikbaar is. Dit kan door het managen van de beschikbaarheid.<\/p>\n\t\t\t\t\t\t\t<p>Vi er yderst glade og begejstrede for vores samarbejde samt telefonisystemet.<\/p>\n\t\t\t\t\t\t\t\t\t<h4>Joyce Schellekens<\/h4>\n\t\t\t\t\t\t\t\t\t\t\t\t\t<h5>Kundekontaktcenter, De Dommel Water Board<\/h5>\n\t\t\t\t\t\t\t<p>Vi bem\u00e6rker, at Unexus er proaktiv med alt. Fra Covid-relaterede \u00e6ndringer til l\u00f8bende samtaler om de ambitioner, vi stadig har for vores kommunikationsl\u00f8sninger. De brainstormer aktivt med os, og derfor er vi \u00e6gte partnere. Hvordan kan vi forbedre tingene? For eksempel unders\u00f8gte de endda, hvilke headset der passer bedst til vores telefoni.<\/p>\n\t\t\t\t\t\t\t\t\t<h4>Arjen van der Zee<\/h4>\n\t\t\t\t\t\t\t\t\t\t\t\t\t<h5>IKT-koordinator, Stek Wonen<\/h5>\n\t\t\t\t\t\t\t<p>Unexus Connect er et stabilt system, og hvis der er et problem, er det hurtigt l\u00f8st. Der er meget omfattende viden hos support, og hurtig feedback, hvis der er sp\u00f8rgsm\u00e5l og\/eller problemer. I arbejder proaktivt med os og f\u00f8lger ogs\u00e5 de nyeste trends med hensyn til sociale medier.<\/p>\n\t\t\t\t\t\t\t\t\t<h4>Marlys van Egmond<\/h4>\n\t\t\t\t\t\t\t\t\t\t\t\t\t<h5>IKT-medarbejdere og f\u00f8rste kontaktpunkt ved Stek Wonen Service Desk<\/h5>\n\t\t\t\t\t\t\t<p>Unexus omnichannel-milj\u00f8et blev leveret til Venlo kommune til vores fulde tilfredshed. Som implementeringsprojektleder er jeg yderst tilfreds med produkt og leverand\u00f8r.<\/p>\n\t\t\t\t\t\t\t\t\t<h4>Rob aan de Brugh<\/h4>\n\t\t\t\t\t\t\t\t\t\t\t\t\t<h5>Information Management Projektleder, Venlo kommune<\/h5>\n\t\t\t\t\t\t\t<p>Unexus er en meget uformel virksomhed. De g\u00f8r ikke tingene sv\u00e6re, n\u00e5r de ikke skal. De har rimelige priser og \u00e6rlig service. Samarbejdet med dem er simpelthen meget godt, noget jeg er glad for at n\u00e6vne.<\/p>\n\t\t\t\t\t\t\t\t\t<h4>Andy Heuts<\/h4>\n\t\t\t\t\t\t\t\t\t\t\t\t\t<h5>IT-chef, ZOWonen<\/h5>\n\t\t\t\t<!-- \/.pp-testimonials -->\n\n","protected":false},"excerpt":{"rendered":"<p>Telefoni, som du vil En organisation skal v\u00e6re let tilg\u00e6ngelig. Grundlaget for dette er fremragende telefoni. Fast telefoni, telefoni via VoIP og fast-mobil integration. Men i dag er tilg\u00e6ngeligheden ikke begr\u00e6nset til fastnet- og fastnettelefonerne p\u00e5 kontoret. Hvis medarbejderne arbejder hjemmefra, skal tilg\u00e6ngeligheden ogs\u00e5 indrettes fejlfrit. For eksempel via Microsoft Teams. Klassisk telefoni En dag&hellip;<\/p>\n","protected":false},"author":1,"featured_media":0,"parent":17522,"menu_order":0,"comment_status":"closed","ping_status":"closed","template":"","meta":{"_acf_changed":false,"_seopress_robots_primary_cat":"","_seopress_titles_title":"","_seopress_titles_desc":"","_seopress_robots_index":"","footnotes":""},"class_list":["post-17543","page","type-page","status-publish","hentry"],"acf":[],"_links":{"self":[{"href":"https:\/\/www.unexus.nl\/da\/wp-json\/wp\/v2\/pages\/17543","targetHints":{"allow":["GET"]}}],"collection":[{"href":"https:\/\/www.unexus.nl\/da\/wp-json\/wp\/v2\/pages"}],"about":[{"href":"https:\/\/www.unexus.nl\/da\/wp-json\/wp\/v2\/types\/page"}],"author":[{"embeddable":true,"href":"https:\/\/www.unexus.nl\/da\/wp-json\/wp\/v2\/users\/1"}],"replies":[{"embeddable":true,"href":"https:\/\/www.unexus.nl\/da\/wp-json\/wp\/v2\/comments?post=17543"}],"version-history":[{"count":8,"href":"https:\/\/www.unexus.nl\/da\/wp-json\/wp\/v2\/pages\/17543\/revisions"}],"predecessor-version":[{"id":17668,"href":"https:\/\/www.unexus.nl\/da\/wp-json\/wp\/v2\/pages\/17543\/revisions\/17668"}],"up":[{"embeddable":true,"href":"https:\/\/www.unexus.nl\/da\/wp-json\/wp\/v2\/pages\/17522"}],"wp:attachment":[{"href":"https:\/\/www.unexus.nl\/da\/wp-json\/wp\/v2\/media?parent=17543"}],"curies":[{"name":"wp","href":"https:\/\/api.w.org\/{rel}","templated":true}]}}