{"id":17414,"date":"2019-03-26T10:58:28","date_gmt":"2019-03-26T09:58:28","guid":{"rendered":"https:\/\/www.unexus.nl\/contact\/"},"modified":"2024-10-22T10:55:06","modified_gmt":"2024-10-22T08:55:06","slug":"kontakt","status":"publish","type":"page","link":"https:\/\/www.unexus.nl\/da\/kontakt\/","title":{"rendered":"Kontakt"},"content":{"rendered":"\n<h2>\n\t\tKontakt os\n\t<\/h2>\n\tKontakt vores danske partner: Kemp &amp; Lauritzen A\/S<br \/>\nHovednummer: 4366 8888<br \/>\nE-mail: <a href=\"mailto:ncore@kemp-lauritzen.dk\">ncore@kemp-lauritzen.dk<\/a>\n<h2>\n\t\tKontakter\n\t<\/h2>\n\tB\u00fclent Erbas, Key Account Manager, 4138 9736, <a href=\"mailto:bulerb@kemp-lauritzen.dk\">bulerb@kemp-lauritzen.dk<\/a><br \/>\nLars Morild, Salgschef, 43668675, <a href=\"mailto:lam@kemp-lauritzen.dk\">lam@kemp-lauritzen.dk<\/a><br \/>\nTonny Brol\u00f8s, Teknisk Chef, 4366 8674\n<h2>\n\t\tKontakt Unexus\n\t<\/h2>\n\t\t<h3>Telefon<\/h3>\t\t\t\n\t\t\t\t<p>Gennemsnitlig ventetid 1 minut<br \/>Generelt: <a href=\"tel:+31887620400\">+31 88 7620 400<\/a><br \/>Support: <a href=\"tel:+31357009760\">+31 35 7009 760<\/a><\/p>\n\t\t<h3>Mail<\/h3>\t\t\t\n\t\t\t\tSvar inden for 1 arbejdsdag<br \/>\n<a href=\"mailto:info@unexus.nl\">Generelt<\/a> eller <a href=\"mailto:support@unexus.nl\">Support<\/a>\n\t\t<h3>Webchat<\/h3>\t\t\t\n\t\t\t\tSvar inden for 15 minutter<br \/>\n<a href=\"https:\/\/unexus.ucsnet.nl\/webchat\/unexus?language=en-GB\" target=\"_blank\" rel=\"noopener\">Stil et sp\u00f8rgsm\u00e5l via webchat <\/a>\n\t\t<h3>Selvbetjeningsportal<\/h3>\t\t\t\n\t\t\t\tSvar inden for 1 arbejdsdag<br \/>\n<a href=\"https:\/\/unexus.topdesk.net\/tas\/public\/login\/form\" target=\"_blank\" rel=\"noopener\">Opret en ticket<\/a>\n\t<h3>Kontakt<\/h3>\nTolweg 3-IV<br \/>\n3741 LM Baarn<br \/>\nHolland\n<strong>Generel:<\/strong><br \/>\n<a href=\"mailto:info@unexus.nl\">info@unexus.nl<\/a><br \/>\n<a href=\"tel:+31887620400\">+31 88 7620 400<\/a>\n<strong>Support:<\/strong><br \/>\n<a href=\"mailto:support@unexus.nl\">support@unexus.nl<\/a><br \/>\n<a href=\"tel:+31357009760\">+31 35 7009 760<\/a>\n\t<h3>Generel information<\/h3>\nIBAN: NL94INGB0793996678<br \/>\nBIC\/swift: INGBNL2A<br \/>\nKvK: 74840266<br \/>\nVAT: NL860046357B01\n<h3>\n\t\tVil du gerne anmode om information eller en demo?\n\t<\/h3>\n\t<p>Er du interesseret i vores Unexus-platform? Vi deler gerne mere information med dig uden forpligtelse. Vi kan ogs\u00e5 planl\u00e6gge en demo. Nedenfor kan du kontakte os uforpligtende.<\/p>\n\t<div class=\"frm_forms  with_frm_style frm_style_formidable-style-2\" id=\"frm_form_19_container\" >\n<form enctype=\"multipart\/form-data\" method=\"post\" class=\"frm-show-form  frm_pro_form \" id=\"form_contactformulier-dk\" >\n<div class=\"frm_form_fields \">\n<fieldset>\n<legend class=\"frm_hidden\">Contactformulier (DK)<\/legend>\r\n\r\n<div class=\"frm_fields_container\">\n<input type=\"hidden\" name=\"frm_action\" value=\"create\" \/>\n<input type=\"hidden\" name=\"form_id\" value=\"19\" \/>\n<input type=\"hidden\" name=\"frm_hide_fields_19\" id=\"frm_hide_fields_19\" value=\"\" \/>\n<input type=\"hidden\" name=\"form_key\" value=\"contactformulier-dk\" \/>\n<input type=\"hidden\" name=\"item_meta[0]\" value=\"\" \/>\n<input type=\"hidden\" id=\"frm_submit_entry_19\" name=\"frm_submit_entry_19\" value=\"d56795b934\" \/><input type=\"hidden\" name=\"_wp_http_referer\" value=\"\/da\/wp-json\/wp\/v2\/pages\/17414\" \/><div id=\"frm_field_161_container\" class=\"frm_form_field form-field  frm_required_field frm_top_container frm_first frm_half\">\r\n    <label for=\"field_qh4icy32\" class=\"frm_primary_label\">Fornavn\r\n        <span class=\"frm_required\">*<\/span>\r\n    <\/label>\r\n    <input  type=\"text\" id=\"field_qh4icy32\" name=\"item_meta[161]\" value=\"\"  data-reqmsg=\"Dette er et obligatorisk felt.\" aria-required=\"true\" data-invmsg=\"First name is ongeldig\" aria-invalid=\"false\"   \/>\r\n    \r\n    \r\n<\/div>\n<div id=\"frm_field_162_container\" class=\"frm_form_field form-field  frm_required_field frm_top_container frm_half\">\r\n    <label for=\"field_ocfup132\" class=\"frm_primary_label\">Efternavn\r\n        <span class=\"frm_required\">*<\/span>\r\n    <\/label>\r\n    <input  type=\"text\" id=\"field_ocfup132\" name=\"item_meta[162]\" value=\"\"  data-reqmsg=\"Dette er et obligatorisk felt.\" aria-required=\"true\" data-invmsg=\"Last name is ongeldig\" aria-invalid=\"false\"   \/>\r\n    \r\n    \r\n<\/div>\n<div id=\"frm_field_163_container\" class=\"frm_form_field form-field  frm_required_field frm_top_container frm_full\">\r\n    <label for=\"field_29yf4d32\" class=\"frm_primary_label\">E-mailadresse\r\n        <span class=\"frm_required\">*<\/span>\r\n    <\/label>\r\n    <input type=\"email\" id=\"field_29yf4d32\" name=\"item_meta[163]\" value=\"\"  data-reqmsg=\"Dette er et obligatorisk felt.\" aria-required=\"true\" data-invmsg=\"Indtast en gyldig e-mailadresse.\" aria-invalid=\"false\"  \/>\r\n    \r\n    \r\n<\/div>\n<div id=\"frm_field_164_container\" class=\"frm_form_field form-field  frm_top_container\">\r\n    <label for=\"field_xhtjw2\" id=\"field_xhtjw2_label\" class=\"frm_primary_label\">Telefonnummer\r\n        <span class=\"frm_required\"><\/span>\r\n    <\/label>\r\n    <input  type=\"text\" id=\"field_xhtjw2\" name=\"item_meta[164]\" value=\"\"  data-invmsg=\"Please enter a valid phone number\" aria-invalid=\"false\"   \/>\r\n    \r\n    \r\n<\/div>\n<div id=\"frm_field_165_container\" class=\"frm_form_field form-field  frm_top_container frm_full\">\r\n    <label for=\"field_itt5me32\" class=\"frm_primary_label\">Firma\r\n        <span class=\"frm_required\"><\/span>\r\n    <\/label>\r\n    <input  type=\"text\" id=\"field_itt5me32\" name=\"item_meta[165]\" value=\"\"  data-invmsg=\"Company name is ongeldig\" aria-invalid=\"false\"   \/>\r\n    \r\n    \r\n<\/div>\n<div id=\"frm_field_166_container\" class=\"frm_form_field form-field  frm_required_field frm_top_container frm_full\">\r\n    <label for=\"field_e6lis632\" class=\"frm_primary_label\">Emne\r\n        <span class=\"frm_required\">*<\/span>\r\n    <\/label>\r\n    <input  type=\"text\" id=\"field_e6lis632\" name=\"item_meta[166]\" value=\"\"  data-reqmsg=\"Dette er et obligatorisk felt.\" aria-required=\"true\" data-invmsg=\"Subject is ongeldig\" aria-invalid=\"false\"   \/>\r\n    \r\n    \r\n<\/div>\n<div id=\"frm_field_167_container\" class=\"frm_form_field form-field  frm_required_field frm_top_container frm_full\">\r\n    <label for=\"field_9jv0r132\" class=\"frm_primary_label\">Budskab\r\n        <span class=\"frm_required\">*<\/span>\r\n    <\/label>\r\n    <textarea name=\"item_meta[167]\" id=\"field_9jv0r132\" rows=\"5\"  data-reqmsg=\"Dette er et obligatorisk felt.\" aria-required=\"true\" data-invmsg=\"Budskab is invalid.\" aria-invalid=\"false\"  ><\/textarea>\r\n    \r\n    \r\n<\/div>\n<div id=\"frm_field_168_container\" class=\"frm_form_field form-field \">\r\n\t<div class=\"frm_submit\">\r\n\r\n<input type=\"submit\" value=\"Sende\"  class=\"frm_final_submit\" formnovalidate=\"formnovalidate\" \/>\r\n<img decoding=\"async\" class=\"frm_ajax_loading\" src=\"https:\/\/www.unexus.nl\/wp-content\/plugins\/formidable\/images\/ajax_loader.gif\" alt=\"Sending\"\/>\r\n\r\n<\/div>\r\n<\/div>\n\t<input type=\"hidden\" name=\"item_key\" value=\"\" \/>\n\t\t\t<div id=\"frm_field_227_container\">\n\t\t\t<label for=\"field_lmjvo\" >\n\t\t\t\tHvis du er et menneske, skal du lade dette felt v\u00e6re tomt.\t\t\t<\/label>\n\t\t\t<input  id=\"field_lmjvo\" type=\"text\" class=\"frm_form_field form-field frm_verify\" name=\"item_meta[227]\" value=\"\"  \/>\n\t\t<\/div>\n\t\t<input name=\"frm_state\" type=\"hidden\" value=\"X70nSpGqdrpXmRC5ibegXpJoPBAgU2MIaKHAx6DgUUAulC3CddNlCxG9zc+6o33S\" \/><\/div>\n<\/fieldset>\n<\/div>\n\n<p style=\"display: none !important;\" class=\"akismet-fields-container\" data-prefix=\"ak_\"><label>&#916;<textarea name=\"ak_hp_textarea\" cols=\"45\" rows=\"8\" maxlength=\"100\"><\/textarea><\/label><input type=\"hidden\" id=\"ak_js_1\" name=\"ak_js\" value=\"231\"\/><script>document.getElementById( \"ak_js_1\" ).setAttribute( \"value\", ( new Date() ).getTime() );<\/script><\/p><\/form>\n<\/div>\n\n\n","protected":false},"excerpt":{"rendered":"<p>Kontakt os Kontakt vores danske partner: Kemp &amp; Lauritzen A\/S Hovednummer: 4366 8888 E-mail: ncore@kemp-lauritzen.dk Kontakter B\u00fclent Erbas, Key Account Manager, 4138 9736, bulerb@kemp-lauritzen.dk Lars Morild, Salgschef, 43668675, lam@kemp-lauritzen.dk Tonny Brol\u00f8s, Teknisk Chef, 4366 8674 Kontakt Unexus Telefon Gennemsnitlig ventetid 1 minutGenerelt: +31 88 7620 400Support: +31 35 7009 760 Mail Svar inden for 1&hellip;<\/p>\n","protected":false},"author":1,"featured_media":0,"parent":0,"menu_order":0,"comment_status":"closed","ping_status":"closed","template":"","meta":{"_acf_changed":false,"_seopress_robots_primary_cat":"","_seopress_titles_title":"","_seopress_titles_desc":"Vil du vide mere om vores alt-i-\u00e9n kommunikationsl\u00f8sninger? Kontakt os via ncore@kemp-lauritzen.dk eller ring til os p\u00e5 4366 8888.","_seopress_robots_index":"","footnotes":""},"class_list":["post-17414","page","type-page","status-publish","hentry"],"acf":[],"_links":{"self":[{"href":"https:\/\/www.unexus.nl\/da\/wp-json\/wp\/v2\/pages\/17414","targetHints":{"allow":["GET"]}}],"collection":[{"href":"https:\/\/www.unexus.nl\/da\/wp-json\/wp\/v2\/pages"}],"about":[{"href":"https:\/\/www.unexus.nl\/da\/wp-json\/wp\/v2\/types\/page"}],"author":[{"embeddable":true,"href":"https:\/\/www.unexus.nl\/da\/wp-json\/wp\/v2\/users\/1"}],"replies":[{"embeddable":true,"href":"https:\/\/www.unexus.nl\/da\/wp-json\/wp\/v2\/comments?post=17414"}],"version-history":[{"count":6,"href":"https:\/\/www.unexus.nl\/da\/wp-json\/wp\/v2\/pages\/17414\/revisions"}],"predecessor-version":[{"id":17717,"href":"https:\/\/www.unexus.nl\/da\/wp-json\/wp\/v2\/pages\/17414\/revisions\/17717"}],"wp:attachment":[{"href":"https:\/\/www.unexus.nl\/da\/wp-json\/wp\/v2\/media?parent=17414"}],"curies":[{"name":"wp","href":"https:\/\/api.w.org\/{rel}","templated":true}]}}