{"id":15291,"date":"2022-12-13T09:56:40","date_gmt":"2022-12-13T08:56:40","guid":{"rendered":"https:\/\/www.unexus.nl\/?page_id=15291"},"modified":"2024-10-22T10:45:01","modified_gmt":"2024-10-22T08:45:01","slug":"home","status":"publish","type":"page","link":"https:\/\/www.unexus.nl\/da\/","title":{"rendered":"Hjemmeside"},"content":{"rendered":"\n<h1>\n\t\tKlar til effektiv kundekontakt?\n\t<\/h1>\n\t<p>Opn\u00e5 synergi og g\u00f8r din organisations kundekontakt effektiv! Hvordan? Saml alle dine kommunikationskanaler og forretningsapplikationer p\u00e5 \u00e9t sted med Unexus&#8217; integrerede omnichannel-platform.<\/p>\n\t\t\t<a href=\"https:\/\/www.unexus.nl\/da\/unexus-connect\/\" target=\"_self\" rel=\"noopener\">\n\t\t\t\t\t\t\t\tSe selv\n\t\t\t\t\t\t\t<\/a>\n\t\t\t<a href=\"https:\/\/www.unexus.nl\/da\/book-en-demo\/\" target=\"_self\" rel=\"noopener\">\n\t\t\t\t\t\t\t\tBook en demo\n\t\t\t\t\t\t\t<\/a>\n\t<meta itemscope itemprop=\"mainEntityOfPage\" itemtype=\"https:\/\/schema.org\/WebPage\" itemid=\"https:\/\/www.unexus.nl\/da\/klant\/aalborg-portland-unicon\/\" content=\"Aalborg Portland\/Unicon\" \/><meta itemprop=\"datePublished\" content=\"2024-09-24\" \/><meta itemprop=\"dateModified\" content=\"2024-09-24\" \/><meta itemprop=\"name\" content=\"Unexus\"\/><meta itemprop=\"url\" content=\"https:\/\/www.unexus.nl\/da\/author\/ronaldjandebruin\/\" \/><meta itemprop=\"name\" content=\"ronaldjandebruin\" \/><meta itemprop=\"interactionType\" content=\"https:\/\/schema.org\/CommentAction\" \/><meta itemprop=\"userInteractionCount\" content=\"0\" \/><img decoding=\"async\" src=\"https:\/\/www.unexus.nl\/wp-content\/uploads\/2019\/03\/unicon-logo.jpg\" \/>\n\t<meta itemscope itemprop=\"mainEntityOfPage\" itemtype=\"https:\/\/schema.org\/WebPage\" itemid=\"https:\/\/www.unexus.nl\/da\/klant\/martinsen\/\" content=\"Martinsen\" \/><meta itemprop=\"datePublished\" content=\"2021-02-02\" \/><meta itemprop=\"dateModified\" content=\"2024-09-24\" \/><meta itemprop=\"name\" content=\"Unexus\"\/><meta itemprop=\"url\" content=\"https:\/\/www.unexus.nl\/da\/author\/marketing\/\" \/><meta itemprop=\"name\" content=\"Ro\u00eblle de Bruin-Boonstra\" \/><meta itemprop=\"interactionType\" content=\"https:\/\/schema.org\/CommentAction\" \/><meta itemprop=\"userInteractionCount\" content=\"0\" \/><img decoding=\"async\" src=\"https:\/\/www.unexus.nl\/wp-content\/uploads\/2021\/02\/martinsen-logo.jpg\" \/>\n\t<meta itemscope itemprop=\"mainEntityOfPage\" itemtype=\"https:\/\/schema.org\/WebPage\" itemid=\"https:\/\/www.unexus.nl\/da\/klant\/dansk-standard\/\" content=\"Dansk Standard\" \/><meta itemprop=\"datePublished\" content=\"2021-02-02\" \/><meta itemprop=\"dateModified\" content=\"2024-09-24\" \/><meta itemprop=\"name\" content=\"Unexus\"\/><meta itemprop=\"url\" content=\"https:\/\/www.unexus.nl\/da\/author\/marketing\/\" \/><meta itemprop=\"name\" content=\"Ro\u00eblle de Bruin-Boonstra\" \/><meta itemprop=\"interactionType\" content=\"https:\/\/schema.org\/CommentAction\" \/><meta itemprop=\"userInteractionCount\" content=\"0\" \/><img decoding=\"async\" src=\"https:\/\/www.unexus.nl\/wp-content\/uploads\/2021\/02\/dansk-standard-logo.png\" \/>\n\t<meta itemscope itemprop=\"mainEntityOfPage\" itemtype=\"https:\/\/schema.org\/WebPage\" itemid=\"https:\/\/www.unexus.nl\/da\/klant\/atp-ejendomme\/\" content=\"ATP Ejendomme\" \/><meta itemprop=\"datePublished\" content=\"2019-12-06\" \/><meta itemprop=\"dateModified\" content=\"2024-09-24\" \/><meta itemprop=\"name\" content=\"Unexus\"\/><meta itemprop=\"url\" content=\"https:\/\/www.unexus.nl\/da\/author\/marketing\/\" \/><meta itemprop=\"name\" content=\"Ro\u00eblle de Bruin-Boonstra\" \/><meta itemprop=\"interactionType\" content=\"https:\/\/schema.org\/CommentAction\" \/><meta itemprop=\"userInteractionCount\" content=\"0\" \/><img decoding=\"async\" src=\"https:\/\/www.unexus.nl\/wp-content\/uploads\/2019\/12\/atp-ejendomme-logo-1024x1024.png\" \/>\n\t<meta itemscope itemprop=\"mainEntityOfPage\" itemtype=\"https:\/\/schema.org\/WebPage\" itemid=\"https:\/\/www.unexus.nl\/da\/klant\/sef-energi\/\" content=\"SEF Energi\" \/><meta itemprop=\"datePublished\" content=\"2019-11-25\" \/><meta itemprop=\"dateModified\" content=\"2024-09-24\" \/><meta itemprop=\"name\" content=\"Unexus\"\/><meta itemprop=\"url\" content=\"https:\/\/www.unexus.nl\/da\/author\/marketing\/\" \/><meta itemprop=\"name\" content=\"Ro\u00eblle de Bruin-Boonstra\" \/><meta itemprop=\"interactionType\" content=\"https:\/\/schema.org\/CommentAction\" \/><meta itemprop=\"userInteractionCount\" content=\"0\" \/><img decoding=\"async\" src=\"https:\/\/www.unexus.nl\/wp-content\/uploads\/2019\/11\/sef-energi-logo-1024x1024.png\" \/>\n\t<meta itemscope itemprop=\"mainEntityOfPage\" itemtype=\"https:\/\/schema.org\/WebPage\" itemid=\"https:\/\/www.unexus.nl\/da\/klant\/brochner-hotels\/\" content=\"Br\u00f8chner Hotels\" \/><meta itemprop=\"datePublished\" content=\"2019-11-22\" \/><meta itemprop=\"dateModified\" content=\"2024-09-24\" \/><meta itemprop=\"name\" content=\"Unexus\"\/><meta itemprop=\"url\" content=\"https:\/\/www.unexus.nl\/da\/author\/marketing\/\" \/><meta itemprop=\"name\" content=\"Ro\u00eblle de Bruin-Boonstra\" \/><meta itemprop=\"interactionType\" content=\"https:\/\/schema.org\/CommentAction\" \/><meta itemprop=\"userInteractionCount\" content=\"0\" \/><img decoding=\"async\" src=\"https:\/\/www.unexus.nl\/wp-content\/uploads\/2019\/11\/brochner-hotels-logo.png\" \/>\n\t<meta itemscope itemprop=\"mainEntityOfPage\" itemtype=\"https:\/\/schema.org\/WebPage\" itemid=\"https:\/\/www.unexus.nl\/da\/klant\/ringsted-kommune\/\" content=\"Ringsted Kommune\" \/><meta itemprop=\"datePublished\" content=\"2019-11-15\" \/><meta itemprop=\"dateModified\" content=\"2024-09-24\" \/><meta itemprop=\"name\" content=\"Unexus\"\/><meta itemprop=\"url\" content=\"https:\/\/www.unexus.nl\/da\/author\/marketing\/\" \/><meta itemprop=\"name\" content=\"Ro\u00eblle de Bruin-Boonstra\" \/><meta itemprop=\"interactionType\" content=\"https:\/\/schema.org\/CommentAction\" \/><meta itemprop=\"userInteractionCount\" content=\"0\" \/><img decoding=\"async\" src=\"https:\/\/www.unexus.nl\/wp-content\/uploads\/2019\/11\/ringsted-kommune-logo.png\" \/>\n\t<meta itemscope itemprop=\"mainEntityOfPage\" itemtype=\"https:\/\/schema.org\/WebPage\" itemid=\"https:\/\/www.unexus.nl\/da\/klant\/rudersdal-kommune\/\" content=\"Rudersdal Kommune\" \/><meta itemprop=\"datePublished\" content=\"2019-11-15\" \/><meta itemprop=\"dateModified\" content=\"2024-09-24\" \/><meta itemprop=\"name\" content=\"Unexus\"\/><meta itemprop=\"url\" content=\"https:\/\/www.unexus.nl\/da\/author\/marketing\/\" \/><meta itemprop=\"name\" content=\"Ro\u00eblle de Bruin-Boonstra\" \/><meta itemprop=\"interactionType\" content=\"https:\/\/schema.org\/CommentAction\" \/><meta itemprop=\"userInteractionCount\" content=\"0\" \/><img decoding=\"async\" src=\"https:\/\/www.unexus.nl\/wp-content\/uploads\/2019\/11\/rudersdal-logo.jpg\" \/>\n\t<meta itemscope itemprop=\"mainEntityOfPage\" itemtype=\"https:\/\/schema.org\/WebPage\" itemid=\"https:\/\/www.unexus.nl\/da\/klant\/kemp-lauritzen\/\" content=\"Kemp &#038; Lauritzen\" \/><meta itemprop=\"datePublished\" content=\"2019-11-13\" \/><meta itemprop=\"dateModified\" content=\"2024-09-24\" \/><meta itemprop=\"name\" content=\"Unexus\"\/><meta itemprop=\"url\" content=\"https:\/\/www.unexus.nl\/da\/author\/marketing\/\" \/><meta itemprop=\"name\" content=\"Ro\u00eblle de Bruin-Boonstra\" \/><meta itemprop=\"interactionType\" content=\"https:\/\/schema.org\/CommentAction\" \/><meta itemprop=\"userInteractionCount\" content=\"0\" \/><img decoding=\"async\" src=\"https:\/\/www.unexus.nl\/wp-content\/uploads\/2019\/11\/kemp-lauritzen-logo-1024x1024.jpg\" \/>\n\t\t\t\t\t\t\t\t\t<img loading=\"lazy\" decoding=\"async\" src=\"https:\/\/www.unexus.nl\/wp-content\/uploads\/2023\/03\/Icon-Green.png\" alt=\"Unexus-Connect-icon-groen\" itemprop=\"image\" height=\"1024\" width=\"1024\" srcset=\"https:\/\/www.unexus.nl\/wp-content\/uploads\/2023\/03\/Icon-Green.png 1024w, https:\/\/www.unexus.nl\/wp-content\/uploads\/2023\/03\/Icon-Green-300x300.png 300w, https:\/\/www.unexus.nl\/wp-content\/uploads\/2023\/03\/Icon-Green-150x150.png 150w, https:\/\/www.unexus.nl\/wp-content\/uploads\/2023\/03\/Icon-Green-768x768.png 768w\" sizes=\"auto, (max-width: 1024px) 100vw, 1024px\" title=\"Unexus-Connect-icon-groen\" onerror=\"this.style.display='none'\"  \/>\n<h2>\n\t\tUnexus Connect\n\t<\/h2>\n\t<p>Opret din egen kommunikationsplatform ved hj\u00e6lp af Unexus Connect. V\u00e6lg traditionel telefoni, en blanding af kommunikationskanaler med en problemfri h\u00e5ndtering. En komplet l\u00f8sning til din organisation.<\/p>\n\t\t\t<a href=\"https:\/\/www.unexus.nl\/da\/unexus-connect\/\" title=\"Click Here\" target=\"_self\" role=\"button\" aria-label=\"Oplev platformen\" rel=\"noopener\">\n\t\t\t\t\t\t\tOplev platformen\n\t\t<\/a>\n\t\t\t\t\t\t\t\t\t<img loading=\"lazy\" decoding=\"async\" src=\"https:\/\/www.unexus.nl\/wp-content\/uploads\/2023\/03\/Icon-Blue.png\" alt=\"Unexus-Connect-icon-teamspaarsblauw\" itemprop=\"image\" height=\"1024\" width=\"1024\" srcset=\"https:\/\/www.unexus.nl\/wp-content\/uploads\/2023\/03\/Icon-Blue.png 1024w, https:\/\/www.unexus.nl\/wp-content\/uploads\/2023\/03\/Icon-Blue-300x300.png 300w, https:\/\/www.unexus.nl\/wp-content\/uploads\/2023\/03\/Icon-Blue-150x150.png 150w, https:\/\/www.unexus.nl\/wp-content\/uploads\/2023\/03\/Icon-Blue-768x768.png 768w\" sizes=\"auto, (max-width: 1024px) 100vw, 1024px\" title=\"Unexus-Connect-icon-teamspaarsblauw\" onerror=\"this.style.display='none'\"  \/>\n<h2>\n\t\tUnexus Connect til Teams\n\t<\/h2>\n\t<p>Vil du g\u00f8re mere med dine Microsoft-licenser i din kundeservice? V\u00e6lg Teams-opkald, og udvid Teams til et fuldt udbygget brugerdefineret kontaktcenter med Unexus Connect for Teams.<\/p>\n\t\t\t<a href=\"https:\/\/www.unexus.nl\/da\/unexus-connect-for-teams\/\" title=\"Click Here\" target=\"_self\" role=\"button\" aria-label=\"Oplev platformen\" rel=\"noopener\">\n\t\t\t\t\t\t\tOplev platformen\n\t\t<\/a>\n<h2>\n\t\tFunktioner\n\t<\/h2>\n\t\t\t\t<img decoding=\"async\" src=\"https:\/\/www.unexus.nl\/wp-content\/uploads\/2022\/10\/Microsoft-Teams-integratie-paars.svg\" alt=\"\" title=\"\" itemprop=\"image\"\/>\n\t\t<h3>Microsoft Teams-integration<\/h3>\t\t\t\n\t\t\t\t<p>Opret dit kontaktcenter med Microsoft Teams og Unexus-platformen som udgangspunkt. Administrer din tilg\u00e6ngelighed, udvid med Teams-opkald, og integrer Teams i dine applikationer.<\/p>\n\t\t\t\t<img decoding=\"async\" src=\"https:\/\/www.unexus.nl\/wp-content\/uploads\/2022\/10\/Omnichannel-contact-center-paars.svg\" alt=\"Omnichannel-contact-center-paars\" title=\"Omnichannel-contact-center-paars\" itemprop=\"image\"\/>\n\t\t<h3>Omnichannel-kontaktcenter<\/h3>\t\t\t\n\t\t\t\t<p>Ops\u00e6t dit kontaktcenter til telefoni, e-mail, SMS, webchat, What&#8217;sApp og Facebook messenger.<\/p>\n\t\t\t\t<img decoding=\"async\" src=\"https:\/\/www.unexus.nl\/wp-content\/uploads\/2022\/10\/Microsoft-Teams-calling-paars.svg\" alt=\"Microsoft-Teams-calling-paars\" title=\"Microsoft-Teams-calling-paars\" itemprop=\"image\"\/>\n\t\t<h3>Microsoft Teams-opkald<\/h3>\t\t\t\n\t\t\t\t<p>V\u00e6lg os som din SBC, s\u00e5 dine Teams-telefonilinjer forbliver intelligent dirigeret gennem vores platform. P\u00e5 den m\u00e5de holder du \u00f8je med dine data, og f\u00e5 det bedst mulige ud af dem.<\/p>\n\t\t\t\t<img decoding=\"async\" src=\"https:\/\/www.unexus.nl\/wp-content\/uploads\/2022\/10\/Zakelijke-Telefonie-paars.svg\" alt=\"\" title=\"\" itemprop=\"image\"\/>\n\t\t<h3>Telefoni til virksomheder<\/h3>\t\t\t\n\t\t\t\t<p>Opgrader din PBX til skyen. Udvid med en kombination af mobiltelefoni og fastnettelefoni.<\/p>\n\t\t\t\t<img decoding=\"async\" src=\"https:\/\/www.unexus.nl\/wp-content\/uploads\/2022\/10\/360-graden-klantbeeld-paars.svg\" alt=\"\" title=\"\" itemprop=\"image\"\/>\n\t\t<h3>360\u00ba kundevisning<\/h3>\t\t\t\n\t\t\t\t<p>Brug pop op-vinduet p\u00e5 agentsk\u00e6rmen med omfattende oplysninger om den, der ringer op. Disse oplysninger kan udvides med enhver applikationsintegration.<\/p>\n\t\t\t\t<img decoding=\"async\" src=\"https:\/\/www.unexus.nl\/wp-content\/uploads\/2022\/10\/Beschikbaarheidsmanagement-paars.svg\" alt=\"\" title=\"\" itemprop=\"image\"\/>\n\t\t<h3>Tilg\u00e6ngelighed<\/h3>\t\t\t\n\t\t\t\t<p>Se tilg\u00e6ngeligheden af alle medarbejdere p\u00e5 et \u00f8jeblik. Medarbejderne kan angive, hvorn\u00e5r de kan besvare sp\u00f8rgsm\u00e5l, og hvem der tager vagten ift. kunderne.<\/p>\n\t\t\t\t<img decoding=\"async\" src=\"https:\/\/www.unexus.nl\/wp-content\/uploads\/2022\/11\/microsoft-365-paars.svg\" alt=\"\" title=\"\" itemprop=\"image\"\/>\n\t\t<h3>Microsoft 365-integration<\/h3>\t\t\t\n\t\t\t\t<p>Mulighed for at arbejde fuldt ud Microsoft 365-baseret.<\/p>\n\t\t\t\t<img decoding=\"async\" src=\"https:\/\/www.unexus.nl\/wp-content\/uploads\/2022\/10\/Hosting-in-de-Unexus-cloud-paars.svg\" alt=\"\" title=\"\" itemprop=\"image\"\/>\n\t\t<h3>Hosting i Unexus Cloud<\/h3>\t\t\t\n\t\t\t\t<p>V\u00e6lg at hoste l\u00f8sningen hos os i Unexus Cloud. Vi er glade for at tilf\u00f8je dig til vores liste over tilfredse kunder.<\/p>\n\t\t\t\t<img decoding=\"async\" src=\"https:\/\/www.unexus.nl\/wp-content\/uploads\/2022\/10\/Business-Intelligence-paars.svg\" alt=\"\" title=\"\" itemprop=\"image\"\/>\n\t\t<h3>Business Intelligence<\/h3>\t\t\t\n\t\t\t\t<p>At m\u00e5le er at vide, s\u00e5 data er guld?! Med vores BI-skabelon kan du besvare de sp\u00f8rgsm\u00e5l, du har om din egen tilg\u00e6ngelighed.<\/p>\n\t\t\t<a href=\"https:\/\/www.unexus.nl\/da\/funktioner\/\" title=\"Click Here\" target=\"_self\" role=\"button\" aria-label=\"Se alle funktioner\" rel=\"noopener\">\n\t\t\t\t\t\t\tSe alle funktioner\n\t\t<\/a>\n\t\t\t\t\t\t\t\t\t<img loading=\"lazy\" decoding=\"async\" src=\"https:\/\/www.unexus.nl\/wp-content\/uploads\/2022\/12\/Unexus-13-van-27-scaled.jpg\" alt=\"Wim-Unexus-teamoverleg\" itemprop=\"image\" height=\"1366\" width=\"2048\" srcset=\"https:\/\/www.unexus.nl\/wp-content\/uploads\/2022\/12\/Unexus-13-van-27-scaled.jpg 2048w, https:\/\/www.unexus.nl\/wp-content\/uploads\/2022\/12\/Unexus-13-van-27-300x200.jpg 300w, https:\/\/www.unexus.nl\/wp-content\/uploads\/2022\/12\/Unexus-13-van-27-1024x683.jpg 1024w, https:\/\/www.unexus.nl\/wp-content\/uploads\/2022\/12\/Unexus-13-van-27-768x512.jpg 768w, https:\/\/www.unexus.nl\/wp-content\/uploads\/2022\/12\/Unexus-13-van-27-1536x1024.jpg 1536w\" sizes=\"auto, (max-width: 2048px) 100vw, 2048px\" title=\"Wim-Unexus-teamoverleg\" onerror=\"this.style.display='none'\"  \/>\n<h2>\n\t\tV\u00e6lg en p\u00e5lidelig partner\n\t<\/h2>\n\t<p>Vi tror p\u00e5, at innovativ kundekontakt bidrager til kundetilfredshed og dermed til en positiv brandoplevelse. Derfor underst\u00f8tter vi organisationer med integreret kundekontakt, der er hurtig, intuitiv og komplet. Vi tilbyder dig indsigt i dine kommunikationsprocesser og implementerer vores intelligente platform direkte og personligt.<\/p>\n\n","protected":false},"excerpt":{"rendered":"<p>Klar til effektiv kundekontakt? Opn\u00e5 synergi og g\u00f8r din organisations kundekontakt effektiv! Hvordan? Saml alle dine kommunikationskanaler og forretningsapplikationer p\u00e5 \u00e9t sted med Unexus&#8217; integrerede omnichannel-platform. Se selv Book en demo Unexus Connect Opret din egen kommunikationsplatform ved hj\u00e6lp af Unexus Connect. V\u00e6lg traditionel telefoni, en blanding af kommunikationskanaler med en problemfri h\u00e5ndtering. En komplet&hellip;<\/p>\n","protected":false},"author":1,"featured_media":0,"parent":0,"menu_order":0,"comment_status":"closed","ping_status":"closed","template":"","meta":{"_acf_changed":false,"_seopress_robots_primary_cat":"","_seopress_titles_title":"Unexus - Fremragende kundekontakt til din organisation","_seopress_titles_desc":"Saml alle dine kommunikationskanaler og forretningsapplikationer p\u00e5 \u00e9t sted med Unexus' integrerede omnichannel-platform.","_seopress_robots_index":"","_seopress_analysis_target_kw":"","footnotes":""},"class_list":["post-15291","page","type-page","status-publish","hentry"],"acf":[],"_links":{"self":[{"href":"https:\/\/www.unexus.nl\/da\/wp-json\/wp\/v2\/pages\/15291","targetHints":{"allow":["GET"]}}],"collection":[{"href":"https:\/\/www.unexus.nl\/da\/wp-json\/wp\/v2\/pages"}],"about":[{"href":"https:\/\/www.unexus.nl\/da\/wp-json\/wp\/v2\/types\/page"}],"author":[{"embeddable":true,"href":"https:\/\/www.unexus.nl\/da\/wp-json\/wp\/v2\/users\/1"}],"replies":[{"embeddable":true,"href":"https:\/\/www.unexus.nl\/da\/wp-json\/wp\/v2\/comments?post=15291"}],"version-history":[{"count":10,"href":"https:\/\/www.unexus.nl\/da\/wp-json\/wp\/v2\/pages\/15291\/revisions"}],"predecessor-version":[{"id":17710,"href":"https:\/\/www.unexus.nl\/da\/wp-json\/wp\/v2\/pages\/15291\/revisions\/17710"}],"wp:attachment":[{"href":"https:\/\/www.unexus.nl\/da\/wp-json\/wp\/v2\/media?parent=15291"}],"curies":[{"name":"wp","href":"https:\/\/api.w.org\/{rel}","templated":true}]}}